{"id":290,"date":"2023-08-27T08:09:14","date_gmt":"2023-08-27T08:09:14","guid":{"rendered":"https:\/\/erasmus.klebi.hu\/?page_id=290"},"modified":"2026-01-19T11:26:13","modified_gmt":"2026-01-19T11:26:13","slug":"otletborze","status":"publish","type":"page","link":"https:\/\/erasmus.klebi.hu\/index.php\/otletborze\/","title":{"rendered":"\u00d6tletb\u00f6rze"},"content":{"rendered":"\n<h2 class=\"wp-block-heading\">Erasmus+ Job Shadowing G\u00f6r\u00f6gorsz\u00e1g<\/h2>\n\n\n\n<p>2025. j\u00fanius 2. \u00e9s j\u00fanius 6.  Nagy Regina \u00e9s Gorz\u00f3n\u00e9 Terenyi Zsuzsa<\/p>\n\n\n\n<p><a href=\"https:\/\/erasmus.klebi.hu\/wp-content\/uploads\/2025\/09\/ModszertaniotletNagyRegina.pdf\">https:\/\/erasmus.klebi.hu\/wp-content\/uploads\/2025\/09\/ModszertaniotletNagyRegina.pdf<\/a><\/p>\n\n\n\n<p><a href=\"https:\/\/erasmus.klebi.hu\/wp-content\/uploads\/2025\/09\/Szabadszavasjatek.pdf\">https:\/\/erasmus.klebi.hu\/wp-content\/uploads\/2025\/09\/Szabadszavasjatek.pdf<\/a><\/p>\n\n\n\n<p><\/p>\n\n\n\n<h2 class=\"wp-block-heading\">Jerez de la Frontera, Spanyolorsz\u00e1g<\/h2>\n\n\n\n<p>2025. febru\u00e1r 16. \u00e9s febur\u00e1r 21. Hideg Norbert<\/p>\n\n\n\n<p><a href=\"https:\/\/erasmus.klebi.hu\/wp-content\/uploads\/2025\/09\/Modszertani-otlet.pdf\">https:\/\/erasmus.klebi.hu\/wp-content\/uploads\/2025\/09\/Modszertani-otlet.pdf<\/a><br><\/p>\n\n\n\n<p><strong>Bal\u00e1zs B\u00e9l\u00e1n\u00e9<\/strong>: <\/p>\n\n\n\n<p>Ismerked\u0151s bing\u00f3<\/p>\n\n\n\n<p class=\"sorkizart\">A feladat c\u00e9lja, hogy egym\u00e1s sz\u00e1m\u00e1ra majdnem ismereten tanul\u00f3k besz\u00e9lgessenek \u00e9s jobban megismerj\u00e9k egym\u00e1st.<br>El\u0151k\u00e9sz\u00fclet: 3&#215;4-es vagy 4&#215;4-es cell\u00e1b\u00f3l \u00e1ll\u00f3 t\u00e1bl\u00e1zat, benne mondatokkal, mint \u201eT\u00f6bb testv\u00e9re van, mint 2.\u201d vagy \u201eA szabadidej\u00e9ben hangszeren j\u00e1tszik.\u201d \u201eA \u2026 csapatnak szurkol.\u201d stb.<br>Ezeket az inform\u00e1ci\u00f3kat \u00e9rdemes a gyakorlatot vezet\u0151 tan\u00e1rnak el\u0151re, a vend\u00e9gl\u00e1t\u00f3 \u00e9s vend\u00e9g tanul\u00f3k szok\u00e1sainak ismeret\u00e9ben feljegyezni.<br>A tanul\u00f3k besz\u00e9lgetni \u00e9s k\u00e9rdezni kezdenek; majd, ha \u00e9rdemleges v\u00e1laszt kapnak, a v\u00e1laszad\u00f3 nev\u00e9t a t\u00e1bl\u00e1zatba be\u00edrj\u00e1k a k\u00e9rd\u00e9s mell\u00e9.<br>Aki a leghamarabb kit\u00f6lti nevekkel a t\u00e1bl\u00e1zatot, nyer.<\/p>\n\n\n\n<p><\/p>\n\n\n\n<h2 class=\"wp-block-heading\">Barcelona- Europass Teacher Academy<\/h2>\n\n\n\n<p>2024. okt\u00f3ber 28 \u00e9s november 01. Gorz\u00f3n\u00e9 Terenyi Zsuzsa<\/p>\n\n\n\n<p><a href=\"https:\/\/erasmus.klebi.hu\/wp-content\/uploads\/2025\/09\/EgymodszerTerenyi.pptx\">https:\/\/erasmus.klebi.hu\/wp-content\/uploads\/2025\/09\/EgymodszerTerenyi.pptx<\/a><\/p>\n\n\n\n<p><\/p>\n\n\n\n<h2 class=\"wp-block-heading\">ETI k\u00e9pz\u0151 \u00e1ltal szervezett nyelvi k\u00e9pz\u00e9s M\u00e1lta<\/h2>\n\n\n\n<p>2024. okt\u00f3ber 28. \u00e9s november 01. Jakab-Tegzes D\u00f3ra<\/p>\n\n\n\n<p><a href=\"https:\/\/erasmus.klebi.hu\/wp-content\/uploads\/2025\/09\/EgymodszerbemutatasaDori.pdf\">https:\/\/erasmus.klebi.hu\/wp-content\/uploads\/2025\/09\/EgymodszerbemutatasaDori.pdf<\/a><\/p>\n\n\n\n<p><\/p>\n\n\n\n<h2 class=\"wp-block-heading\">Empowerment in ICT Skills \u2013 Making Use of Technology Tools M\u00e1lta<\/h2>\n\n\n\n<p>2024. okt\u00f3ber 28. \u00e9s november 01.<\/p>\n\n\n\n<p><a href=\"https:\/\/erasmus.klebi.hu\/wp-content\/uploads\/2025\/09\/Egymodszerbemutatasa.pdf\">https:\/\/erasmus.klebi.hu\/wp-content\/uploads\/2025\/09\/Egymodszerbemutatasa.pdf<\/a><\/p>\n\n\n\n<p><\/p>\n\n\n\n<h2 class=\"wp-block-heading\">Egy\u00e9ni besz\u00e1mol\u00f3 Erasmus+ mobilit\u00e1s<\/h2>\n\n\n\n<p>2024. okt\u00f3ber 21-25. G\u00e1l-Porkol\u00e1b Anita<\/p>\n\n\n\n<p><a href=\"https:\/\/erasmus.klebi.hu\/wp-content\/uploads\/2025\/09\/Egyujtanultmodszerbemutatasa_GPA_Lindau.pdf\">https:\/\/erasmus.klebi.hu\/wp-content\/uploads\/2025\/09\/Egyujtanultmodszerbemutatasa_GPA_Lindau.pdf<\/a><\/p>\n\n\n\n<p><\/p>\n\n\n\n<h2 class=\"wp-block-heading\">Europass Teacher Academy Helsinki, Finnorsz\u00e1g<\/h2>\n\n\n\n<p>Augusztus 12-17. Bal\u00e1zs B\u00e9l\u00e1n\u00e9<\/p>\n\n\n\n<p><a href=\"https:\/\/erasmus.klebi.hu\/wp-content\/uploads\/2025\/09\/EgyujfeladatHelsinkiBalazs.pdf\">https:\/\/erasmus.klebi.hu\/wp-content\/uploads\/2025\/09\/EgyujfeladatHelsinkiBalazs.pdf<\/a><\/p>\n\n\n\n<p><\/p>\n\n\n\n<h2 class=\"wp-block-heading\">M\u00f3dszertani \u00f6tletek<\/h2>\n\n\n\n<p>K\u00e9sz\u00edtette: D\u00e1vid Zolt\u00e1n<\/p>\n\n\n\n<figure class=\"wp-block-image size-large\"><a href=\"https:\/\/docs.google.com\/presentation\/d\/1tSj2vxHWSkHvYz9XO3jaYt-Mwhg757Ug\/edit?usp=sharing&amp;ouid=106312174990900757393&amp;rtpof=true&amp;sd=true\"><img loading=\"lazy\" decoding=\"async\" width=\"1024\" height=\"578\" src=\"https:\/\/erasmus.klebi.hu\/wp-content\/uploads\/2024\/01\/image-2-1024x578.png\" alt=\"\" class=\"wp-image-398\" srcset=\"https:\/\/erasmus.klebi.hu\/wp-content\/uploads\/2024\/01\/image-2-1024x578.png 1024w, https:\/\/erasmus.klebi.hu\/wp-content\/uploads\/2024\/01\/image-2-300x169.png 300w, https:\/\/erasmus.klebi.hu\/wp-content\/uploads\/2024\/01\/image-2-768x434.png 768w, https:\/\/erasmus.klebi.hu\/wp-content\/uploads\/2024\/01\/image-2.png 1050w\" sizes=\"auto, (max-width: 1024px) 100vw, 1024px\" \/><\/a><\/figure>\n\n\n\n<p><\/p>\n\n\n\n<p><\/p>\n\n\n\n<figure class=\"wp-block-image size-large\"><a href=\"https:\/\/docs.google.com\/presentation\/d\/1OA9Neamwm810hdtXV49iF8IdCVz6l3FL\/edit?usp=sharing&amp;ouid=106312174990900757393&amp;rtpof=true&amp;sd=true\"><img loading=\"lazy\" decoding=\"async\" width=\"1024\" height=\"580\" src=\"https:\/\/erasmus.klebi.hu\/wp-content\/uploads\/2024\/01\/image-4-1024x580.png\" alt=\"\" class=\"wp-image-403\" srcset=\"https:\/\/erasmus.klebi.hu\/wp-content\/uploads\/2024\/01\/image-4-1024x580.png 1024w, https:\/\/erasmus.klebi.hu\/wp-content\/uploads\/2024\/01\/image-4-300x170.png 300w, https:\/\/erasmus.klebi.hu\/wp-content\/uploads\/2024\/01\/image-4-768x435.png 768w, https:\/\/erasmus.klebi.hu\/wp-content\/uploads\/2024\/01\/image-4.png 1048w\" sizes=\"auto, (max-width: 1024px) 100vw, 1024px\" \/><\/a><\/figure>\n\n\n\n<p><\/p>\n\n\n\n<p>K\u00e9sz\u00edtette: G\u00e1l &#8211; Porkol\u00e1b Anita<\/p>\n\n\n\n<figure class=\"wp-block-image size-full is-resized\"><a href=\"https:\/\/drive.google.com\/file\/d\/1nYH501bsp_5ACInc7pmNfri2-qUn9llb\/view?usp=sharing\"><img loading=\"lazy\" decoding=\"async\" width=\"998\" height=\"561\" src=\"https:\/\/erasmus.klebi.hu\/wp-content\/uploads\/2024\/01\/image-5.png\" alt=\"\" class=\"wp-image-409\" style=\"width:710px;height:auto\" srcset=\"https:\/\/erasmus.klebi.hu\/wp-content\/uploads\/2024\/01\/image-5.png 998w, https:\/\/erasmus.klebi.hu\/wp-content\/uploads\/2024\/01\/image-5-300x169.png 300w, https:\/\/erasmus.klebi.hu\/wp-content\/uploads\/2024\/01\/image-5-768x432.png 768w\" sizes=\"auto, (max-width: 998px) 100vw, 998px\" \/><\/a><\/figure>\n\n\n\n<p><\/p>\n\n\n\n<p>K\u00e9sz\u00edtette: Csizmadia Krisztina<\/p>\n\n\n\n<figure class=\"wp-block-image size-large\"><a href=\"https:\/\/docs.google.com\/presentation\/d\/1qXZmIBNRR-rh7GPIo0whKL5515qGRJy1\/edit?usp=sharing&amp;ouid=106312174990900757393&amp;rtpof=true&amp;sd=true\"><img loading=\"lazy\" decoding=\"async\" width=\"1024\" height=\"564\" src=\"https:\/\/erasmus.klebi.hu\/wp-content\/uploads\/2024\/01\/image-6-1024x564.png\" alt=\"\" class=\"wp-image-412\" srcset=\"https:\/\/erasmus.klebi.hu\/wp-content\/uploads\/2024\/01\/image-6-1024x564.png 1024w, https:\/\/erasmus.klebi.hu\/wp-content\/uploads\/2024\/01\/image-6-300x165.png 300w, https:\/\/erasmus.klebi.hu\/wp-content\/uploads\/2024\/01\/image-6-768x423.png 768w, https:\/\/erasmus.klebi.hu\/wp-content\/uploads\/2024\/01\/image-6.png 1053w\" sizes=\"auto, (max-width: 1024px) 100vw, 1024px\" \/><\/a><\/figure>\n","protected":false},"excerpt":{"rendered":"<p>Erasmus+ Job Shadowing G\u00f6r\u00f6gorsz\u00e1g 2025. j\u00fanius 2. \u00e9s j\u00fanius 6. Nagy Regina \u00e9s Gorz\u00f3n\u00e9 Terenyi Zsuzsa https:\/\/erasmus.klebi.hu\/wp-content\/uploads\/2025\/09\/ModszertaniotletNagyRegina.pdf https:\/\/erasmus.klebi.hu\/wp-content\/uploads\/2025\/09\/Szabadszavasjatek.pdf Jerez de la Frontera, Spanyolorsz\u00e1g 2025. febru\u00e1r 16. \u00e9s febur\u00e1r 21. Hideg Norbert https:\/\/erasmus.klebi.hu\/wp-content\/uploads\/2025\/09\/Modszertani-otlet.pdf Bal\u00e1zs B\u00e9l\u00e1n\u00e9: Ismerked\u0151s bing\u00f3 A feladat c\u00e9lja, hogy egym\u00e1s sz\u00e1m\u00e1ra majdnem ismereten tanul\u00f3k besz\u00e9lgessenek \u00e9s jobban megismerj\u00e9k egym\u00e1st.El\u0151k\u00e9sz\u00fclet: [&hellip;]<\/p>\n","protected":false},"author":1,"featured_media":0,"parent":0,"menu_order":0,"comment_status":"closed","ping_status":"closed","template":"","meta":{"footnotes":""},"class_list":["post-290","page","type-page","status-publish","hentry"],"yoast_head":"<!-- This site is optimized with the Yoast SEO plugin v19.6.1 - https:\/\/yoast.com\/wordpress\/plugins\/seo\/ -->\n<title>\u00d6tletb\u00f6rze - Erasmus+ Kl\u00e9bi<\/title>\n<meta name=\"robots\" content=\"index, follow, max-snippet:-1, max-image-preview:large, max-video-preview:-1\" \/>\n<link rel=\"canonical\" href=\"https:\/\/erasmus.klebi.hu\/index.php\/otletborze\/\" \/>\n<meta property=\"og:locale\" content=\"hu_HU\" \/>\n<meta property=\"og:type\" content=\"article\" \/>\n<meta property=\"og:title\" content=\"\u00d6tletb\u00f6rze - Erasmus+ Kl\u00e9bi\" \/>\n<meta property=\"og:description\" content=\"Erasmus+ Job Shadowing G\u00f6r\u00f6gorsz\u00e1g 2025. j\u00fanius 2. \u00e9s j\u00fanius 6. Nagy Regina \u00e9s Gorz\u00f3n\u00e9 Terenyi Zsuzsa https:\/\/erasmus.klebi.hu\/wp-content\/uploads\/2025\/09\/ModszertaniotletNagyRegina.pdf https:\/\/erasmus.klebi.hu\/wp-content\/uploads\/2025\/09\/Szabadszavasjatek.pdf Jerez de la Frontera, Spanyolorsz\u00e1g 2025. febru\u00e1r 16. \u00e9s febur\u00e1r 21. Hideg Norbert https:\/\/erasmus.klebi.hu\/wp-content\/uploads\/2025\/09\/Modszertani-otlet.pdf Bal\u00e1zs B\u00e9l\u00e1n\u00e9: Ismerked\u0151s bing\u00f3 A feladat c\u00e9lja, hogy egym\u00e1s sz\u00e1m\u00e1ra majdnem ismereten tanul\u00f3k besz\u00e9lgessenek \u00e9s jobban megismerj\u00e9k egym\u00e1st.El\u0151k\u00e9sz\u00fclet: [&hellip;]\" \/>\n<meta property=\"og:url\" content=\"https:\/\/erasmus.klebi.hu\/index.php\/otletborze\/\" \/>\n<meta property=\"og:site_name\" content=\"Erasmus+ Kl\u00e9bi\" \/>\n<meta property=\"article:modified_time\" content=\"2026-01-19T11:26:13+00:00\" \/>\n<meta property=\"og:image\" content=\"https:\/\/erasmus.klebi.hu\/wp-content\/uploads\/2024\/01\/image-2-1024x578.png\" \/>\n<meta name=\"twitter:card\" content=\"summary_large_image\" \/>\n<meta name=\"twitter:label1\" content=\"Becs\u00fclt olvas\u00e1si id\u0151\" \/>\n\t<meta name=\"twitter:data1\" content=\"2 perc\" \/>\n<script type=\"application\/ld+json\" class=\"yoast-schema-graph\">{\"@context\":\"https:\/\/schema.org\",\"@graph\":[{\"@type\":\"WebPage\",\"@id\":\"https:\/\/erasmus.klebi.hu\/index.php\/otletborze\/\",\"url\":\"https:\/\/erasmus.klebi.hu\/index.php\/otletborze\/\",\"name\":\"\u00d6tletb\u00f6rze - Erasmus+ Kl\u00e9bi\",\"isPartOf\":{\"@id\":\"https:\/\/erasmus.klebi.hu\/#website\"},\"datePublished\":\"2023-08-27T08:09:14+00:00\",\"dateModified\":\"2026-01-19T11:26:13+00:00\",\"breadcrumb\":{\"@id\":\"https:\/\/erasmus.klebi.hu\/index.php\/otletborze\/#breadcrumb\"},\"inLanguage\":\"hu\",\"potentialAction\":[{\"@type\":\"ReadAction\",\"target\":[\"https:\/\/erasmus.klebi.hu\/index.php\/otletborze\/\"]}]},{\"@type\":\"BreadcrumbList\",\"@id\":\"https:\/\/erasmus.klebi.hu\/index.php\/otletborze\/#breadcrumb\",\"itemListElement\":[{\"@type\":\"ListItem\",\"position\":1,\"name\":\"Home\",\"item\":\"https:\/\/erasmus.klebi.hu\/\"},{\"@type\":\"ListItem\",\"position\":2,\"name\":\"\u00d6tletb\u00f6rze\"}]},{\"@type\":\"WebSite\",\"@id\":\"https:\/\/erasmus.klebi.hu\/#website\",\"url\":\"https:\/\/erasmus.klebi.hu\/\",\"name\":\"Erasmus+ Kl\u00e9bi\",\"description\":\"Klebelsberg Kuno \u00c1ltal\u00e1nos Iskola \u00e9s Gimn\u00e1zium Erasmus+  honlapja\",\"potentialAction\":[{\"@type\":\"SearchAction\",\"target\":{\"@type\":\"EntryPoint\",\"urlTemplate\":\"https:\/\/erasmus.klebi.hu\/?s={search_term_string}\"},\"query-input\":\"required name=search_term_string\"}],\"inLanguage\":\"hu\"}]}<\/script>\n<!-- \/ Yoast SEO plugin. -->","yoast_head_json":{"title":"\u00d6tletb\u00f6rze - Erasmus+ Kl\u00e9bi","robots":{"index":"index","follow":"follow","max-snippet":"max-snippet:-1","max-image-preview":"max-image-preview:large","max-video-preview":"max-video-preview:-1"},"canonical":"https:\/\/erasmus.klebi.hu\/index.php\/otletborze\/","og_locale":"hu_HU","og_type":"article","og_title":"\u00d6tletb\u00f6rze - Erasmus+ Kl\u00e9bi","og_description":"Erasmus+ Job Shadowing G\u00f6r\u00f6gorsz\u00e1g 2025. j\u00fanius 2. \u00e9s j\u00fanius 6. Nagy Regina \u00e9s Gorz\u00f3n\u00e9 Terenyi Zsuzsa https:\/\/erasmus.klebi.hu\/wp-content\/uploads\/2025\/09\/ModszertaniotletNagyRegina.pdf https:\/\/erasmus.klebi.hu\/wp-content\/uploads\/2025\/09\/Szabadszavasjatek.pdf Jerez de la Frontera, Spanyolorsz\u00e1g 2025. febru\u00e1r 16. \u00e9s febur\u00e1r 21. Hideg Norbert https:\/\/erasmus.klebi.hu\/wp-content\/uploads\/2025\/09\/Modszertani-otlet.pdf Bal\u00e1zs B\u00e9l\u00e1n\u00e9: Ismerked\u0151s bing\u00f3 A feladat c\u00e9lja, hogy egym\u00e1s sz\u00e1m\u00e1ra majdnem ismereten tanul\u00f3k besz\u00e9lgessenek \u00e9s jobban megismerj\u00e9k egym\u00e1st.El\u0151k\u00e9sz\u00fclet: [&hellip;]","og_url":"https:\/\/erasmus.klebi.hu\/index.php\/otletborze\/","og_site_name":"Erasmus+ Kl\u00e9bi","article_modified_time":"2026-01-19T11:26:13+00:00","og_image":[{"url":"https:\/\/erasmus.klebi.hu\/wp-content\/uploads\/2024\/01\/image-2-1024x578.png"}],"twitter_card":"summary_large_image","twitter_misc":{"Becs\u00fclt olvas\u00e1si id\u0151":"2 perc"},"schema":{"@context":"https:\/\/schema.org","@graph":[{"@type":"WebPage","@id":"https:\/\/erasmus.klebi.hu\/index.php\/otletborze\/","url":"https:\/\/erasmus.klebi.hu\/index.php\/otletborze\/","name":"\u00d6tletb\u00f6rze - Erasmus+ Kl\u00e9bi","isPartOf":{"@id":"https:\/\/erasmus.klebi.hu\/#website"},"datePublished":"2023-08-27T08:09:14+00:00","dateModified":"2026-01-19T11:26:13+00:00","breadcrumb":{"@id":"https:\/\/erasmus.klebi.hu\/index.php\/otletborze\/#breadcrumb"},"inLanguage":"hu","potentialAction":[{"@type":"ReadAction","target":["https:\/\/erasmus.klebi.hu\/index.php\/otletborze\/"]}]},{"@type":"BreadcrumbList","@id":"https:\/\/erasmus.klebi.hu\/index.php\/otletborze\/#breadcrumb","itemListElement":[{"@type":"ListItem","position":1,"name":"Home","item":"https:\/\/erasmus.klebi.hu\/"},{"@type":"ListItem","position":2,"name":"\u00d6tletb\u00f6rze"}]},{"@type":"WebSite","@id":"https:\/\/erasmus.klebi.hu\/#website","url":"https:\/\/erasmus.klebi.hu\/","name":"Erasmus+ Kl\u00e9bi","description":"Klebelsberg Kuno \u00c1ltal\u00e1nos Iskola \u00e9s Gimn\u00e1zium Erasmus+  honlapja","potentialAction":[{"@type":"SearchAction","target":{"@type":"EntryPoint","urlTemplate":"https:\/\/erasmus.klebi.hu\/?s={search_term_string}"},"query-input":"required name=search_term_string"}],"inLanguage":"hu"}]}},"_links":{"self":[{"href":"https:\/\/erasmus.klebi.hu\/index.php\/wp-json\/wp\/v2\/pages\/290","targetHints":{"allow":["GET"]}}],"collection":[{"href":"https:\/\/erasmus.klebi.hu\/index.php\/wp-json\/wp\/v2\/pages"}],"about":[{"href":"https:\/\/erasmus.klebi.hu\/index.php\/wp-json\/wp\/v2\/types\/page"}],"author":[{"embeddable":true,"href":"https:\/\/erasmus.klebi.hu\/index.php\/wp-json\/wp\/v2\/users\/1"}],"replies":[{"embeddable":true,"href":"https:\/\/erasmus.klebi.hu\/index.php\/wp-json\/wp\/v2\/comments?post=290"}],"version-history":[{"count":12,"href":"https:\/\/erasmus.klebi.hu\/index.php\/wp-json\/wp\/v2\/pages\/290\/revisions"}],"predecessor-version":[{"id":810,"href":"https:\/\/erasmus.klebi.hu\/index.php\/wp-json\/wp\/v2\/pages\/290\/revisions\/810"}],"wp:attachment":[{"href":"https:\/\/erasmus.klebi.hu\/index.php\/wp-json\/wp\/v2\/media?parent=290"}],"curies":[{"name":"wp","href":"https:\/\/api.w.org\/{rel}","templated":true}]}}